{"id":218,"date":"2024-06-06T20:57:52","date_gmt":"2024-06-06T18:57:52","guid":{"rendered":"https:\/\/aedep.fr\/?page_id=218"},"modified":"2024-06-13T15:29:26","modified_gmt":"2024-06-13T13:29:26","slug":"nos-partenaires","status":"publish","type":"page","link":"https:\/\/aedep.fr\/index.php\/nos-partenaires\/","title":{"rendered":"Partenaires"},"content":{"rendered":"\t\t<div data-elementor-type=\"wp-page\" data-elementor-id=\"218\" class=\"elementor elementor-218\">\n\t\t\t\t<div class=\"elementor-element elementor-element-bd0e6e0 e-flex e-con-boxed wpr-particle-no wpr-jarallax-no wpr-parallax-no wpr-sticky-section-no wpr-equal-height-no e-con e-parent\" data-id=\"bd0e6e0\" data-element_type=\"container\" data-e-type=\"container\">\n\t\t\t\t\t<div class=\"e-con-inner\">\n\t\t<div class=\"elementor-element elementor-element-96f1cda e-con-full e-flex wpr-particle-no wpr-jarallax-no wpr-parallax-no wpr-sticky-section-no wpr-equal-height-no e-con e-child\" data-id=\"96f1cda\" data-element_type=\"container\" data-e-type=\"container\">\n\t\t\t\t<div class=\"elementor-element elementor-element-6ff10a0 elementor-widget elementor-widget-image\" data-id=\"6ff10a0\" data-element_type=\"widget\" data-e-type=\"widget\" data-widget_type=\"image.default\">\n\t\t\t\t<div class=\"elementor-widget-container\">\n\t\t\t\t\t\t\t\t\t\t\t\t\t\t\t\t<a href=\"https:\/\/www.shp-asso.org\/\" target=\"_blank\" rel=\"noopener\">\n\t\t\t\t\t\t\t<img decoding=\"async\" width=\"177\" height=\"172\" src=\"https:\/\/aedep.fr\/wp-content\/uploads\/2024\/06\/LogoSHPFinal-complet.png\" class=\"attachment-large size-large wp-image-253\" alt=\"\" \/>\t\t\t\t\t\t\t\t<\/a>\n\t\t\t\t\t\t\t\t\t\t\t\t\t\t\t<\/div>\n\t\t\t\t<\/div>\n\t\t\t\t<\/div>\n\t\t<div class=\"elementor-element elementor-element-dc84a59 e-con-full e-flex wpr-particle-no wpr-jarallax-no wpr-parallax-no wpr-sticky-section-no wpr-equal-height-no e-con e-child\" data-id=\"dc84a59\" data-element_type=\"container\" data-e-type=\"container\">\n\t\t\t\t<div class=\"elementor-element elementor-element-c7b72f6 elementor-widget elementor-widget-image\" data-id=\"c7b72f6\" data-element_type=\"widget\" data-e-type=\"widget\" data-widget_type=\"image.default\">\n\t\t\t\t<div class=\"elementor-widget-container\">\n\t\t\t\t\t\t\t\t\t\t\t\t\t\t\t\t<a href=\"https:\/\/www.acadpharm.org\/\" target=\"_blank\" rel=\"noopener\">\n\t\t\t\t\t\t\t<img decoding=\"async\" width=\"300\" height=\"156\" src=\"https:\/\/aedep.fr\/wp-content\/uploads\/2024\/06\/Academie-de-pharmacie-300x156.jpeg\" class=\"attachment-medium size-medium wp-image-255\" alt=\"\" srcset=\"https:\/\/aedep.fr\/wp-content\/uploads\/2024\/06\/Academie-de-pharmacie-300x156.jpeg 300w, https:\/\/aedep.fr\/wp-content\/uploads\/2024\/06\/Academie-de-pharmacie-768x400.jpeg 768w, https:\/\/aedep.fr\/wp-content\/uploads\/2024\/06\/Academie-de-pharmacie.jpeg 934w\" sizes=\"(max-width: 300px) 100vw, 300px\" \/>\t\t\t\t\t\t\t\t<\/a>\n\t\t\t\t\t\t\t\t\t\t\t\t\t\t\t<\/div>\n\t\t\t\t<\/div>\n\t\t\t\t<\/div>\n\t\t<div class=\"elementor-element elementor-element-9f62f89 e-con-full e-flex wpr-particle-no wpr-jarallax-no wpr-parallax-no wpr-sticky-section-no wpr-equal-height-no e-con e-child\" data-id=\"9f62f89\" data-element_type=\"container\" data-e-type=\"container\">\n\t\t\t\t<div class=\"elementor-element elementor-element-2b74dc6 elementor-widget elementor-widget-heading\" data-id=\"2b74dc6\" data-element_type=\"widget\" data-e-type=\"widget\" data-widget_type=\"heading.default\">\n\t\t\t\t<div class=\"elementor-widget-container\">\n\t\t\t\t\t<h3 class=\"elementor-heading-title elementor-size-default\"><a href=\"https:\/\/www.shp-asso.org\/\" target=\"_blank\" rel=\"noopener\">Soci\u00e9t\u00e9 d'Histoire de la Pharmacie<\/a><\/h3>\t\t\t\t<\/div>\n\t\t\t\t<\/div>\n\t\t\t\t<div class=\"elementor-element elementor-element-8d3e21a elementor-widget elementor-widget-text-editor\" data-id=\"8d3e21a\" data-element_type=\"widget\" data-e-type=\"widget\" data-widget_type=\"text-editor.default\">\n\t\t\t\t<div class=\"elementor-widget-container\">\n\t\t\t\t\t\t\t\t\t<p>La Soci\u00e9t\u00e9 d&rsquo;Histoire de la Pharmacie (SHP) est une association fran\u00e7aise d\u00e9di\u00e9e \u00e0 l&rsquo;\u00e9tude de l&rsquo;histoire de la pharmacie. Fond\u00e9e en 1913, elle regroupe des pharmaciens, des historiens et des passionn\u00e9s. La SHP organise des conf\u00e9rences, des colloques et des expositions, et publie la \u00ab\u00a0Revue d&rsquo;Histoire de la Pharmacie\u00a0\u00bb. Ses activit\u00e9s incluent la sauvegarde de documents historiques et d&rsquo;objets pharmaceutiques anciens. La soci\u00e9t\u00e9 collabore avec des institutions universitaires et des mus\u00e9es pour promouvoir la recherche et l&rsquo;\u00e9ducation dans ce domaine. Elle joue un r\u00f4le important dans la sensibilisation du public \u00e0 l&rsquo;importance de l&rsquo;histoire pharmaceutique.<\/p>\t\t\t\t\t\t\t\t<\/div>\n\t\t\t\t<\/div>\n\t\t\t\t<\/div>\n\t\t<div class=\"elementor-element elementor-element-ec1a0e5 e-con-full e-flex wpr-particle-no wpr-jarallax-no wpr-parallax-no wpr-sticky-section-no wpr-equal-height-no e-con e-child\" data-id=\"ec1a0e5\" data-element_type=\"container\" data-e-type=\"container\">\n\t\t\t\t<div class=\"elementor-element elementor-element-55a52ce elementor-widget elementor-widget-heading\" data-id=\"55a52ce\" data-element_type=\"widget\" data-e-type=\"widget\" data-widget_type=\"heading.default\">\n\t\t\t\t<div class=\"elementor-widget-container\">\n\t\t\t\t\t<h3 class=\"elementor-heading-title elementor-size-default\"><a href=\"https:\/\/www.acadpharm.org\/\" target=\"_blank\" rel=\"noopener\">L'Acad\u00e9mie Nationale de Pharmacie<\/a><\/h3>\t\t\t\t<\/div>\n\t\t\t\t<\/div>\n\t\t\t\t<div class=\"elementor-element elementor-element-7f5e4f0 elementor-widget elementor-widget-text-editor\" data-id=\"7f5e4f0\" data-element_type=\"widget\" data-e-type=\"widget\" data-widget_type=\"text-editor.default\">\n\t\t\t\t<div class=\"elementor-widget-container\">\n\t\t\t\t\t\t\t\t\t<p>L&rsquo;Acad\u00e9mie Nationale de Pharmacie est une institution fran\u00e7aise d\u00e9di\u00e9e aux sciences pharmaceutiques. Fond\u00e9e en 1803, elle regroupe des pharmaciens et des experts en sant\u00e9 publique. L&rsquo;Acad\u00e9mie organise des conf\u00e9rences et des colloques, et publie des rapports sur des sujets de sant\u00e9 publique. Elle joue un r\u00f4le consultatif aupr\u00e8s des autorit\u00e9s et contribue \u00e0 l&rsquo;\u00e9laboration de r\u00e9glementations. De plus, elle s&rsquo;engage dans la formation continue des pharmaciens et la promotion de la recherche scientifique. L&rsquo;Acad\u00e9mie valorise le patrimoine pharmaceutique et encourage les \u00e9changes internationaux dans ce domaine.<\/p>\t\t\t\t\t\t\t\t<\/div>\n\t\t\t\t<\/div>\n\t\t\t\t<\/div>\n\t\t\t\t\t<\/div>\n\t\t\t\t<\/div>\n\t\t\t\t<\/div>\n\t\t","protected":false},"excerpt":{"rendered":"<p>Soci\u00e9t\u00e9 d&rsquo;Histoire de la Pharmacie La Soci\u00e9t\u00e9 d&rsquo;Histoire de la Pharmacie (SHP) est une association fran\u00e7aise d\u00e9di\u00e9e \u00e0 l&rsquo;\u00e9tude de l&rsquo;histoire de la pharmacie. Fond\u00e9e en 1913, elle regroupe des pharmaciens, des historiens et des passionn\u00e9s. La SHP organise des conf\u00e9rences, des colloques et des expositions, et publie la \u00ab\u00a0Revue d&rsquo;Histoire de la Pharmacie\u00a0\u00bb. Ses activit\u00e9s incluent la sauvegarde de documents historiques et d&rsquo;objets pharmaceutiques anciens. La soci\u00e9t\u00e9 collabore avec des institutions universitaires et des mus\u00e9es pour promouvoir la recherche et l&rsquo;\u00e9ducation dans ce domaine. Elle joue un r\u00f4le important dans la sensibilisation du public \u00e0 l&rsquo;importance de l&rsquo;histoire pharmaceutique. L&rsquo;Acad\u00e9mie Nationale de Pharmacie L&rsquo;Acad\u00e9mie Nationale de Pharmacie est une institution fran\u00e7aise d\u00e9di\u00e9e aux sciences pharmaceutiques. Fond\u00e9e en 1803, elle regroupe des pharmaciens et des experts en sant\u00e9 publique. L&rsquo;Acad\u00e9mie organise des conf\u00e9rences et des colloques, et publie des rapports sur des sujets de sant\u00e9 publique. Elle joue un r\u00f4le consultatif aupr\u00e8s des autorit\u00e9s et contribue \u00e0 l&rsquo;\u00e9laboration de r\u00e9glementations. De plus, elle s&rsquo;engage dans la formation continue des pharmaciens et la promotion de la recherche scientifique. L&rsquo;Acad\u00e9mie valorise le patrimoine pharmaceutique et encourage les \u00e9changes internationaux dans ce domaine.<\/p>\n","protected":false},"author":1,"featured_media":0,"parent":0,"menu_order":0,"comment_status":"closed","ping_status":"closed","template":"","meta":{"site-sidebar-layout":"no-sidebar","site-content-layout":"","ast-site-content-layout":"full-width-container","site-content-style":"default","site-sidebar-style":"default","ast-global-header-display":"","ast-banner-title-visibility":"","ast-main-header-display":"","ast-hfb-above-header-display":"","ast-hfb-below-header-display":"","ast-hfb-mobile-header-display":"","site-post-title":"disabled","ast-breadcrumbs-content":"","ast-featured-img":"disabled","footer-sml-layout":"","ast-disable-related-posts":"","theme-transparent-header-meta":"","adv-header-id-meta":"","stick-header-meta":"","header-above-stick-meta":"","header-main-stick-meta":"","header-below-stick-meta":"","astra-migrate-meta-layouts":"default","ast-page-background-enabled":"default","ast-page-background-meta":{"desktop":{"background-color":"var(--ast-global-color-4)","background-image":"","background-repeat":"repeat","background-position":"center center","background-size":"auto","background-attachment":"scroll","background-type":"","background-media":"","overlay-type":"","overlay-color":"","overlay-opacity":"","overlay-gradient":""},"tablet":{"background-color":"","background-image":"","background-repeat":"repeat","background-position":"center center","background-size":"auto","background-attachment":"scroll","background-type":"","background-media":"","overlay-type":"","overlay-color":"","overlay-opacity":"","overlay-gradient":""},"mobile":{"background-color":"","background-image":"","background-repeat":"repeat","background-position":"center center","background-size":"auto","background-attachment":"scroll","background-type":"","background-media":"","overlay-type":"","overlay-color":"","overlay-opacity":"","overlay-gradient":""}},"ast-content-background-meta":{"desktop":{"background-color":"var(--ast-global-color-5)","background-image":"","background-repeat":"repeat","background-position":"center center","background-size":"auto","background-attachment":"scroll","background-type":"","background-media":"","overlay-type":"","overlay-color":"","overlay-opacity":"","overlay-gradient":""},"tablet":{"background-color":"var(--ast-global-color-5)","background-image":"","background-repeat":"repeat","background-position":"center center","background-size":"auto","background-attachment":"scroll","background-type":"","background-media":"","overlay-type":"","overlay-color":"","overlay-opacity":"","overlay-gradient":""},"mobile":{"background-color":"var(--ast-global-color-5)","background-image":"","background-repeat":"repeat","background-position":"center center","background-size":"auto","background-attachment":"scroll","background-type":"","background-media":"","overlay-type":"","overlay-color":"","overlay-opacity":"","overlay-gradient":""}},"footnotes":""},"class_list":["post-218","page","type-page","status-publish","hentry"],"_links":{"self":[{"href":"https:\/\/aedep.fr\/index.php\/wp-json\/wp\/v2\/pages\/218","targetHints":{"allow":["GET"]}}],"collection":[{"href":"https:\/\/aedep.fr\/index.php\/wp-json\/wp\/v2\/pages"}],"about":[{"href":"https:\/\/aedep.fr\/index.php\/wp-json\/wp\/v2\/types\/page"}],"author":[{"embeddable":true,"href":"https:\/\/aedep.fr\/index.php\/wp-json\/wp\/v2\/users\/1"}],"replies":[{"embeddable":true,"href":"https:\/\/aedep.fr\/index.php\/wp-json\/wp\/v2\/comments?post=218"}],"version-history":[{"count":5,"href":"https:\/\/aedep.fr\/index.php\/wp-json\/wp\/v2\/pages\/218\/revisions"}],"predecessor-version":[{"id":258,"href":"https:\/\/aedep.fr\/index.php\/wp-json\/wp\/v2\/pages\/218\/revisions\/258"}],"wp:attachment":[{"href":"https:\/\/aedep.fr\/index.php\/wp-json\/wp\/v2\/media?parent=218"}],"curies":[{"name":"wp","href":"https:\/\/api.w.org\/{rel}","templated":true}]}}